{"id":371,"date":"2025-11-21T09:42:35","date_gmt":"2025-11-21T09:42:35","guid":{"rendered":"https:\/\/wohnen-in-bayern.com\/?page_id=371"},"modified":"2025-11-26T15:36:15","modified_gmt":"2025-11-26T15:36:15","slug":"impressum","status":"publish","type":"page","link":"https:\/\/wohnen-in-bayern.com\/en\/impressum\/","title":{"rendered":"Imprint"},"content":{"rendered":"<div data-elementor-type=\"wp-page\" data-elementor-id=\"371\" class=\"elementor elementor-371\" data-elementor-settings=\"{&quot;element_pack_global_tooltip_width&quot;:{&quot;unit&quot;:&quot;px&quot;,&quot;size&quot;:&quot;&quot;,&quot;sizes&quot;:[]},&quot;element_pack_global_tooltip_width_tablet&quot;:{&quot;unit&quot;:&quot;px&quot;,&quot;size&quot;:&quot;&quot;,&quot;sizes&quot;:[]},&quot;element_pack_global_tooltip_width_mobile&quot;:{&quot;unit&quot;:&quot;px&quot;,&quot;size&quot;:&quot;&quot;,&quot;sizes&quot;:[]},&quot;element_pack_global_tooltip_padding&quot;:{&quot;unit&quot;:&quot;px&quot;,&quot;top&quot;:&quot;&quot;,&quot;right&quot;:&quot;&quot;,&quot;bottom&quot;:&quot;&quot;,&quot;left&quot;:&quot;&quot;,&quot;isLinked&quot;:true},&quot;element_pack_global_tooltip_padding_tablet&quot;:{&quot;unit&quot;:&quot;px&quot;,&quot;top&quot;:&quot;&quot;,&quot;right&quot;:&quot;&quot;,&quot;bottom&quot;:&quot;&quot;,&quot;left&quot;:&quot;&quot;,&quot;isLinked&quot;:true},&quot;element_pack_global_tooltip_padding_mobile&quot;:{&quot;unit&quot;:&quot;px&quot;,&quot;top&quot;:&quot;&quot;,&quot;right&quot;:&quot;&quot;,&quot;bottom&quot;:&quot;&quot;,&quot;left&quot;:&quot;&quot;,&quot;isLinked&quot;:true},&quot;element_pack_global_tooltip_border_radius&quot;:{&quot;unit&quot;:&quot;px&quot;,&quot;top&quot;:&quot;&quot;,&quot;right&quot;:&quot;&quot;,&quot;bottom&quot;:&quot;&quot;,&quot;left&quot;:&quot;&quot;,&quot;isLinked&quot;:true},&quot;element_pack_global_tooltip_border_radius_tablet&quot;:{&quot;unit&quot;:&quot;px&quot;,&quot;top&quot;:&quot;&quot;,&quot;right&quot;:&quot;&quot;,&quot;bottom&quot;:&quot;&quot;,&quot;left&quot;:&quot;&quot;,&quot;isLinked&quot;:true},&quot;element_pack_global_tooltip_border_radius_mobile&quot;:{&quot;unit&quot;:&quot;px&quot;,&quot;top&quot;:&quot;&quot;,&quot;right&quot;:&quot;&quot;,&quot;bottom&quot;:&quot;&quot;,&quot;left&quot;:&quot;&quot;,&quot;isLinked&quot;:true}}\" data-elementor-post-type=\"page\">\n\t\t\t\t<div class=\"elementor-element elementor-element-0f00dae e-con-full e-flex e-con e-parent\" data-id=\"0f00dae\" data-element_type=\"container\">\n\t\t\t\t<div class=\"elementor-element elementor-element-ec5e11d elementor-widget elementor-widget-heading\" data-id=\"ec5e11d\" data-element_type=\"widget\" data-widget_type=\"heading.default\">\n\t\t\t\t\t<h1 class=\"elementor-heading-title elementor-size-default\">Imprint<\/h1>\t\t\t\t<\/div>\n\t\t\t\t<div class=\"elementor-element elementor-element-772e27e elementor-widget elementor-widget-text-editor\" data-id=\"772e27e\" data-element_type=\"widget\" data-widget_type=\"text-editor.default\">\n\t\t\t\t\t\t\t\t\t<p><b>Provider identification in accordance with the German Telemedia Act (TMG)<\/b><br \/>Grammer Immobilien Verwaltung GmbH<br \/>Ziegelgasse 12<br \/>92224 Amberg<br \/>Telephone: +49 (0)9621 7659-0<br \/>Fax: +49 (0)9621 7659-20<br \/>E-Mail: mail@wohnen-in-bayern.info<\/p><p><b>Represented by:<\/b><br \/>Thomas Klee<br \/><b><\/b><\/p><p><b>Registered in the commercial register:<\/b><br \/>Register-Nr: HRB 3309 Gericht: Amtsgericht Amberg USt-Id: DE227982156<\/p><p><strong>Wohnimmobilienverwalter gem. \u00a7 34 c Abs. 1 S. 1 Nr. 4 GewO<\/strong>;<br \/>Competent supervisory authority:<br \/>IHK f\u00fcr M\u00fcnchen und Oberbayern<br \/>Max-Joseph-Stra\u00dfe 2<br \/>80333 M\u00fcnchen<\/p><div class=\"impborder\"><b>Image rights:<\/b>\u00a0simonthon \/ photocase.de<\/div><div class=\"impborder\">Apartment complex \u2018unity \u03b2\u2019 \u00a9Raum Visionen (visualisations)<\/div><div class=\"impborder\">Schanzenstrasse apartment complex \u00a9Cristopher Civitillo \u00a9Raum Visionen (visualisations)<\/div><div class=\"impborder\">UNIKUM student residence \u00a9Raum Visionen (visualisations)<\/div>\t\t\t\t\t\t\t\t<\/div>\n\t\t\t\t<\/div>\n\t\t\t\t<\/div>","protected":false},"excerpt":{"rendered":"<p>Impressum Anbieterkennzeichnung nach TMGGrammer Immobilien Verwaltung GmbHZiegelgasse 1292224 AmbergTelefon: +49 (0)9621 7659-0Telefax: +49 (0)9621 7659-20E-Mail: mail@wohnen-in-bayern.info Vertreten durch:Thomas Klee Eingetragen im Handelsregister:Register-Nr: HRB 3309 Gericht: Amtsgericht Amberg USt-Id: DE227982156 Wohnimmobilienverwalter gem. \u00a7 34 c Abs. 1 S. 1 Nr. 4 GewO;zust\u00e4ndige Aufsichtsbeh\u00f6rde:IHK f\u00fcr M\u00fcnchen und OberbayernMax-Joseph-Stra\u00dfe 280333 M\u00fcnchen Bildrechte:\u00a0simonthon \/ photocase.deApartmentanlage \u201eunity \u03b2\u201c \u00a9Raum Visionen [&hellip;]<\/p>","protected":false},"author":1,"featured_media":0,"parent":0,"menu_order":0,"comment_status":"closed","ping_status":"closed","template":"","meta":{"_acf_changed":false,"footnotes":""},"class_list":["post-371","page","type-page","status-publish","hentry"],"acf":[],"yoast_head":"<!-- This site is optimized with the Yoast SEO plugin v26.8 - https:\/\/yoast.com\/product\/yoast-seo-wordpress\/ -->\n<title>Impressum - Wohnen in Bayern<\/title>\n<meta name=\"robots\" content=\"index, follow, max-snippet:-1, max-image-preview:large, max-video-preview:-1\" \/>\n<link rel=\"canonical\" href=\"https:\/\/wohnen-in-bayern.com\/en\/impressum\/\" \/>\n<meta property=\"og:locale\" content=\"en_GB\" \/>\n<meta property=\"og:type\" content=\"article\" \/>\n<meta property=\"og:title\" content=\"Impressum - Wohnen in Bayern\" \/>\n<meta property=\"og:description\" content=\"Impressum Anbieterkennzeichnung nach TMGGrammer Immobilien Verwaltung GmbHZiegelgasse 1292224 AmbergTelefon: +49 (0)9621 7659-0Telefax: +49 (0)9621 7659-20E-Mail: mail@wohnen-in-bayern.info Vertreten durch:Thomas Klee Eingetragen im Handelsregister:Register-Nr: HRB 3309 Gericht: Amtsgericht Amberg USt-Id: DE227982156 Wohnimmobilienverwalter gem. \u00a7 34 c Abs. 1 S. 1 Nr. 4 GewO;zust\u00e4ndige Aufsichtsbeh\u00f6rde:IHK f\u00fcr M\u00fcnchen und OberbayernMax-Joseph-Stra\u00dfe 280333 M\u00fcnchen Bildrechte:\u00a0simonthon \/ photocase.deApartmentanlage \u201eunity \u03b2\u201c \u00a9Raum Visionen [&hellip;]\" \/>\n<meta property=\"og:url\" content=\"https:\/\/wohnen-in-bayern.com\/en\/impressum\/\" \/>\n<meta property=\"og:site_name\" content=\"Wohnen in Bayern\" \/>\n<meta property=\"article:modified_time\" content=\"2025-11-26T15:36:15+00:00\" \/>\n<meta property=\"og:image\" content=\"https:\/\/wohnen-in-bayern.com\/wp-content\/uploads\/2025\/11\/Logo_wohnen-in-bayern_rgb.png\" \/>\n\t<meta property=\"og:image:width\" content=\"1347\" \/>\n\t<meta property=\"og:image:height\" content=\"238\" \/>\n\t<meta property=\"og:image:type\" content=\"image\/png\" \/>\n<meta name=\"twitter:card\" content=\"summary_large_image\" \/>\n<script type=\"application\/ld+json\" class=\"yoast-schema-graph\">{\"@context\":\"https:\/\/schema.org\",\"@graph\":[{\"@type\":\"WebPage\",\"@id\":\"https:\/\/wohnen-in-bayern.com\/impressum\/\",\"url\":\"https:\/\/wohnen-in-bayern.com\/impressum\/\",\"name\":\"Impressum - Wohnen in Bayern\",\"isPartOf\":{\"@id\":\"https:\/\/wohnen-in-bayern.com\/#website\"},\"datePublished\":\"2025-11-21T09:42:35+00:00\",\"dateModified\":\"2025-11-26T15:36:15+00:00\",\"breadcrumb\":{\"@id\":\"https:\/\/wohnen-in-bayern.com\/impressum\/#breadcrumb\"},\"inLanguage\":\"en-GB\",\"potentialAction\":[{\"@type\":\"ReadAction\",\"target\":[\"https:\/\/wohnen-in-bayern.com\/impressum\/\"]}]},{\"@type\":\"BreadcrumbList\",\"@id\":\"https:\/\/wohnen-in-bayern.com\/impressum\/#breadcrumb\",\"itemListElement\":[{\"@type\":\"ListItem\",\"position\":1,\"name\":\"Home\",\"item\":\"https:\/\/wohnen-in-bayern.com\/\"},{\"@type\":\"ListItem\",\"position\":2,\"name\":\"Impressum\"}]},{\"@type\":\"WebSite\",\"@id\":\"https:\/\/wohnen-in-bayern.com\/#website\",\"url\":\"https:\/\/wohnen-in-bayern.com\/\",\"name\":\"Wohnen in Bayern\",\"description\":\"Das Mietportal f\u00fcr Studenten &amp; Azubis\",\"publisher\":{\"@id\":\"https:\/\/wohnen-in-bayern.com\/#organization\"},\"potentialAction\":[{\"@type\":\"SearchAction\",\"target\":{\"@type\":\"EntryPoint\",\"urlTemplate\":\"https:\/\/wohnen-in-bayern.com\/?s={search_term_string}\"},\"query-input\":{\"@type\":\"PropertyValueSpecification\",\"valueRequired\":true,\"valueName\":\"search_term_string\"}}],\"inLanguage\":\"en-GB\"},{\"@type\":\"Organization\",\"@id\":\"https:\/\/wohnen-in-bayern.com\/#organization\",\"name\":\"Wohnen in Bayern\",\"url\":\"https:\/\/wohnen-in-bayern.com\/\",\"logo\":{\"@type\":\"ImageObject\",\"inLanguage\":\"en-GB\",\"@id\":\"https:\/\/wohnen-in-bayern.com\/#\/schema\/logo\/image\/\",\"url\":\"https:\/\/wohnen-in-bayern.com\/wp-content\/uploads\/2025\/11\/Logo_wohnen-in-bayern_rgb.png\",\"contentUrl\":\"https:\/\/wohnen-in-bayern.com\/wp-content\/uploads\/2025\/11\/Logo_wohnen-in-bayern_rgb.png\",\"width\":1347,\"height\":238,\"caption\":\"Wohnen in Bayern\"},\"image\":{\"@id\":\"https:\/\/wohnen-in-bayern.com\/#\/schema\/logo\/image\/\"}}]}<\/script>\n<!-- \/ Yoast SEO plugin. -->","yoast_head_json":{"title":"Impressum - Wohnen in Bayern","robots":{"index":"index","follow":"follow","max-snippet":"max-snippet:-1","max-image-preview":"max-image-preview:large","max-video-preview":"max-video-preview:-1"},"canonical":"https:\/\/wohnen-in-bayern.com\/en\/impressum\/","og_locale":"en_GB","og_type":"article","og_title":"Impressum - Wohnen in Bayern","og_description":"Impressum Anbieterkennzeichnung nach TMGGrammer Immobilien Verwaltung GmbHZiegelgasse 1292224 AmbergTelefon: +49 (0)9621 7659-0Telefax: +49 (0)9621 7659-20E-Mail: mail@wohnen-in-bayern.info Vertreten durch:Thomas Klee Eingetragen im Handelsregister:Register-Nr: HRB 3309 Gericht: Amtsgericht Amberg USt-Id: DE227982156 Wohnimmobilienverwalter gem. \u00a7 34 c Abs. 1 S. 1 Nr. 4 GewO;zust\u00e4ndige Aufsichtsbeh\u00f6rde:IHK f\u00fcr M\u00fcnchen und OberbayernMax-Joseph-Stra\u00dfe 280333 M\u00fcnchen Bildrechte:\u00a0simonthon \/ photocase.deApartmentanlage \u201eunity \u03b2\u201c \u00a9Raum Visionen [&hellip;]","og_url":"https:\/\/wohnen-in-bayern.com\/en\/impressum\/","og_site_name":"Wohnen in Bayern","article_modified_time":"2025-11-26T15:36:15+00:00","og_image":[{"width":1347,"height":238,"url":"https:\/\/wohnen-in-bayern.com\/wp-content\/uploads\/2025\/11\/Logo_wohnen-in-bayern_rgb.png","type":"image\/png"}],"twitter_card":"summary_large_image","schema":{"@context":"https:\/\/schema.org","@graph":[{"@type":"WebPage","@id":"https:\/\/wohnen-in-bayern.com\/impressum\/","url":"https:\/\/wohnen-in-bayern.com\/impressum\/","name":"Impressum - Wohnen in Bayern","isPartOf":{"@id":"https:\/\/wohnen-in-bayern.com\/#website"},"datePublished":"2025-11-21T09:42:35+00:00","dateModified":"2025-11-26T15:36:15+00:00","breadcrumb":{"@id":"https:\/\/wohnen-in-bayern.com\/impressum\/#breadcrumb"},"inLanguage":"en-GB","potentialAction":[{"@type":"ReadAction","target":["https:\/\/wohnen-in-bayern.com\/impressum\/"]}]},{"@type":"BreadcrumbList","@id":"https:\/\/wohnen-in-bayern.com\/impressum\/#breadcrumb","itemListElement":[{"@type":"ListItem","position":1,"name":"Home","item":"https:\/\/wohnen-in-bayern.com\/"},{"@type":"ListItem","position":2,"name":"Impressum"}]},{"@type":"WebSite","@id":"https:\/\/wohnen-in-bayern.com\/#website","url":"https:\/\/wohnen-in-bayern.com\/","name":"Wohnen in Bayern","description":"Das Mietportal f\u00fcr Studenten &amp; Azubis","publisher":{"@id":"https:\/\/wohnen-in-bayern.com\/#organization"},"potentialAction":[{"@type":"SearchAction","target":{"@type":"EntryPoint","urlTemplate":"https:\/\/wohnen-in-bayern.com\/?s={search_term_string}"},"query-input":{"@type":"PropertyValueSpecification","valueRequired":true,"valueName":"search_term_string"}}],"inLanguage":"en-GB"},{"@type":"Organization","@id":"https:\/\/wohnen-in-bayern.com\/#organization","name":"Wohnen in Bayern","url":"https:\/\/wohnen-in-bayern.com\/","logo":{"@type":"ImageObject","inLanguage":"en-GB","@id":"https:\/\/wohnen-in-bayern.com\/#\/schema\/logo\/image\/","url":"https:\/\/wohnen-in-bayern.com\/wp-content\/uploads\/2025\/11\/Logo_wohnen-in-bayern_rgb.png","contentUrl":"https:\/\/wohnen-in-bayern.com\/wp-content\/uploads\/2025\/11\/Logo_wohnen-in-bayern_rgb.png","width":1347,"height":238,"caption":"Wohnen in Bayern"},"image":{"@id":"https:\/\/wohnen-in-bayern.com\/#\/schema\/logo\/image\/"}}]}},"_links":{"self":[{"href":"https:\/\/wohnen-in-bayern.com\/en\/wp-json\/wp\/v2\/pages\/371","targetHints":{"allow":["GET"]}}],"collection":[{"href":"https:\/\/wohnen-in-bayern.com\/en\/wp-json\/wp\/v2\/pages"}],"about":[{"href":"https:\/\/wohnen-in-bayern.com\/en\/wp-json\/wp\/v2\/types\/page"}],"author":[{"embeddable":true,"href":"https:\/\/wohnen-in-bayern.com\/en\/wp-json\/wp\/v2\/users\/1"}],"replies":[{"embeddable":true,"href":"https:\/\/wohnen-in-bayern.com\/en\/wp-json\/wp\/v2\/comments?post=371"}],"version-history":[{"count":49,"href":"https:\/\/wohnen-in-bayern.com\/en\/wp-json\/wp\/v2\/pages\/371\/revisions"}],"predecessor-version":[{"id":1367,"href":"https:\/\/wohnen-in-bayern.com\/en\/wp-json\/wp\/v2\/pages\/371\/revisions\/1367"}],"wp:attachment":[{"href":"https:\/\/wohnen-in-bayern.com\/en\/wp-json\/wp\/v2\/media?parent=371"}],"curies":[{"name":"wp","href":"https:\/\/api.w.org\/{rel}","templated":true}]}}