{"id":369,"date":"2025-11-21T09:42:28","date_gmt":"2025-11-21T09:42:28","guid":{"rendered":"https:\/\/wohnen-in-bayern.com\/?page_id=369"},"modified":"2026-01-21T08:02:59","modified_gmt":"2026-01-21T08:02:59","slug":"faq","status":"publish","type":"page","link":"https:\/\/wohnen-in-bayern.com\/en\/faq\/","title":{"rendered":"FAQ"},"content":{"rendered":"<div data-elementor-type=\"wp-page\" data-elementor-id=\"369\" class=\"elementor elementor-369\" data-elementor-settings=\"{&quot;element_pack_global_tooltip_width&quot;:{&quot;unit&quot;:&quot;px&quot;,&quot;size&quot;:&quot;&quot;,&quot;sizes&quot;:[]},&quot;element_pack_global_tooltip_width_tablet&quot;:{&quot;unit&quot;:&quot;px&quot;,&quot;size&quot;:&quot;&quot;,&quot;sizes&quot;:[]},&quot;element_pack_global_tooltip_width_mobile&quot;:{&quot;unit&quot;:&quot;px&quot;,&quot;size&quot;:&quot;&quot;,&quot;sizes&quot;:[]},&quot;element_pack_global_tooltip_padding&quot;:{&quot;unit&quot;:&quot;px&quot;,&quot;top&quot;:&quot;&quot;,&quot;right&quot;:&quot;&quot;,&quot;bottom&quot;:&quot;&quot;,&quot;left&quot;:&quot;&quot;,&quot;isLinked&quot;:true},&quot;element_pack_global_tooltip_padding_tablet&quot;:{&quot;unit&quot;:&quot;px&quot;,&quot;top&quot;:&quot;&quot;,&quot;right&quot;:&quot;&quot;,&quot;bottom&quot;:&quot;&quot;,&quot;left&quot;:&quot;&quot;,&quot;isLinked&quot;:true},&quot;element_pack_global_tooltip_padding_mobile&quot;:{&quot;unit&quot;:&quot;px&quot;,&quot;top&quot;:&quot;&quot;,&quot;right&quot;:&quot;&quot;,&quot;bottom&quot;:&quot;&quot;,&quot;left&quot;:&quot;&quot;,&quot;isLinked&quot;:true},&quot;element_pack_global_tooltip_border_radius&quot;:{&quot;unit&quot;:&quot;px&quot;,&quot;top&quot;:&quot;&quot;,&quot;right&quot;:&quot;&quot;,&quot;bottom&quot;:&quot;&quot;,&quot;left&quot;:&quot;&quot;,&quot;isLinked&quot;:true},&quot;element_pack_global_tooltip_border_radius_tablet&quot;:{&quot;unit&quot;:&quot;px&quot;,&quot;top&quot;:&quot;&quot;,&quot;right&quot;:&quot;&quot;,&quot;bottom&quot;:&quot;&quot;,&quot;left&quot;:&quot;&quot;,&quot;isLinked&quot;:true},&quot;element_pack_global_tooltip_border_radius_mobile&quot;:{&quot;unit&quot;:&quot;px&quot;,&quot;top&quot;:&quot;&quot;,&quot;right&quot;:&quot;&quot;,&quot;bottom&quot;:&quot;&quot;,&quot;left&quot;:&quot;&quot;,&quot;isLinked&quot;:true}}\" data-elementor-post-type=\"page\">\n\t\t\t\t<div class=\"elementor-element elementor-element-ac7c42d e-con-full e-flex e-con e-parent\" data-id=\"ac7c42d\" data-element_type=\"container\">\n\t\t\t\t<div class=\"elementor-element elementor-element-8ab9687 elementor-widget elementor-widget-heading\" data-id=\"8ab9687\" data-element_type=\"widget\" data-widget_type=\"heading.default\">\n\t\t\t\t\t<h2 class=\"elementor-heading-title elementor-size-default\">FAQ<\/h2>\t\t\t\t<\/div>\n\t\t\t\t<div class=\"elementor-element elementor-element-896e9cf elementor-widget__width-initial elementor-widget elementor-widget-n-accordion\" data-id=\"896e9cf\" data-element_type=\"widget\" data-settings=\"{&quot;default_state&quot;:&quot;expanded&quot;,&quot;max_items_expended&quot;:&quot;one&quot;,&quot;n_accordion_animation_duration&quot;:{&quot;unit&quot;:&quot;ms&quot;,&quot;size&quot;:400,&quot;sizes&quot;:[]}}\" data-widget_type=\"nested-accordion.default\">\n\t\t\t\t\t\t\t<div class=\"e-n-accordion\" aria-label=\"Accordion. Open links with Enter or Space, close with Escape, and navigate with Arrow Keys\">\n\t\t\t\t\t\t<details id=\"e-n-accordion-item-1440\" class=\"e-n-accordion-item\" open>\n\t\t\t\t<summary class=\"e-n-accordion-item-title\" data-accordion-index=\"1\" tabindex=\"0\" aria-expanded=\"true\" aria-controls=\"e-n-accordion-item-1440\" >\n\t\t\t\t\t<span class='e-n-accordion-item-title-header'><div class=\"e-n-accordion-item-title-text\"> Wann wird meine Kaution ausbezahlt? <\/div><\/span>\n\t\t\t\t\t\t\t<span class='e-n-accordion-item-title-icon'>\n\t\t\t<span class='e-opened' ><svg aria-hidden=\"true\" class=\"e-font-icon-svg e-fas-minus\" viewbox=\"0 0 448 512\" xmlns=\"http:\/\/www.w3.org\/2000\/svg\"><path d=\"M416 208H32c-17.67 0-32 14.33-32 32v32c0 17.67 14.33 32 32 32h384c17.67 0 32-14.33 32-32v-32c0-17.67-14.33-32-32-32z\"><\/path><\/svg><\/span>\n\t\t\t<span class='e-closed'><svg aria-hidden=\"true\" class=\"e-font-icon-svg e-fas-plus\" viewbox=\"0 0 448 512\" xmlns=\"http:\/\/www.w3.org\/2000\/svg\"><path d=\"M416 208H272V64c0-17.67-14.33-32-32-32h-32c-17.67 0-32 14.33-32 32v144H32c-17.67 0-32 14.33-32 32v32c0 17.67 14.33 32 32 32h144v144c0 17.67 14.33 32 32 32h32c17.67 0 32-14.33 32-32V304h144c17.67 0 32-14.33 32-32v-32c0-17.67-14.33-32-32-32z\"><\/path><\/svg><\/span>\n\t\t<\/span>\n\n\t\t\t\t\t\t<\/summary>\n\t\t\t\t<div role=\"region\" aria-labelledby=\"e-n-accordion-item-1440\" class=\"elementor-element elementor-element-9a99006 e-con-full e-flex e-con e-child\" data-id=\"9a99006\" data-element_type=\"container\">\n\t\t\t\t<div class=\"elementor-element elementor-element-1f30c1a elementor-widget elementor-widget-text-editor\" data-id=\"1f30c1a\" data-element_type=\"widget\" data-widget_type=\"text-editor.default\">\n\t\t\t\t\t\t\t\t\t<p>Die Kaution wird normalerweise innerhalb von 6 Monaten nach Beendigung des Mietverh\u00e4ltnisses ausgezahlt. Wir werden jedoch versuchen, diese ca. 2,5 Monate nach Ihrem offiziellem Auszugstermin an Sie zur\u00fcckzuzahlen.<\/p>\t\t\t\t\t\t\t\t<\/div>\n\t\t\t\t<\/div>\n\t\t\t\t\t<\/details>\n\t\t\t\t\t\t<details id=\"e-n-accordion-item-1441\" class=\"e-n-accordion-item\" >\n\t\t\t\t<summary class=\"e-n-accordion-item-title\" data-accordion-index=\"2\" tabindex=\"-1\" aria-expanded=\"false\" aria-controls=\"e-n-accordion-item-1441\" >\n\t\t\t\t\t<span class='e-n-accordion-item-title-header'><div class=\"e-n-accordion-item-title-text\"> Wann und wo bekomme ich die Schl\u00fcssel f\u00fcr mein Apartment? <\/div><\/span>\n\t\t\t\t\t\t\t<span class='e-n-accordion-item-title-icon'>\n\t\t\t<span class='e-opened' ><svg aria-hidden=\"true\" class=\"e-font-icon-svg e-fas-minus\" viewbox=\"0 0 448 512\" xmlns=\"http:\/\/www.w3.org\/2000\/svg\"><path d=\"M416 208H32c-17.67 0-32 14.33-32 32v32c0 17.67 14.33 32 32 32h384c17.67 0 32-14.33 32-32v-32c0-17.67-14.33-32-32-32z\"><\/path><\/svg><\/span>\n\t\t\t<span class='e-closed'><svg aria-hidden=\"true\" class=\"e-font-icon-svg e-fas-plus\" viewbox=\"0 0 448 512\" xmlns=\"http:\/\/www.w3.org\/2000\/svg\"><path d=\"M416 208H272V64c0-17.67-14.33-32-32-32h-32c-17.67 0-32 14.33-32 32v144H32c-17.67 0-32 14.33-32 32v32c0 17.67 14.33 32 32 32h144v144c0 17.67 14.33 32 32 32h32c17.67 0 32-14.33 32-32V304h144c17.67 0 32-14.33 32-32v-32c0-17.67-14.33-32-32-32z\"><\/path><\/svg><\/span>\n\t\t<\/span>\n\n\t\t\t\t\t\t<\/summary>\n\t\t\t\t<div role=\"region\" aria-labelledby=\"e-n-accordion-item-1441\" class=\"elementor-element elementor-element-2341268 e-con-full e-flex e-con e-child\" data-id=\"2341268\" data-element_type=\"container\">\n\t\t\t\t<\/div>\n\t\t\t\t\t<\/details>\n\t\t\t\t\t<\/div>\n\t\t\t\t\t\t<\/div>\n\t\t\t\t<\/div>\n\t\t\t\t<\/div>","protected":false},"excerpt":{"rendered":"<p>FAQ Wann wird meine Kaution ausbezahlt? Die Kaution wird normalerweise innerhalb von 6 Monaten nach Beendigung des Mietverh\u00e4ltnisses ausgezahlt. Wir werden jedoch versuchen, diese ca. 2,5 Monate nach Ihrem offiziellem Auszugstermin an Sie zur\u00fcckzuzahlen. Wann und wo bekomme ich die Schl\u00fcssel f\u00fcr mein Apartment? Die Kaution wird normalerweise innerhalb von 6 Monaten nach Beendigung des [&hellip;]<\/p>","protected":false},"author":1,"featured_media":0,"parent":0,"menu_order":0,"comment_status":"closed","ping_status":"closed","template":"","meta":{"_acf_changed":false,"footnotes":""},"class_list":["post-369","page","type-page","status-publish","hentry"],"acf":[],"yoast_head":"<!-- This site is optimized with the Yoast SEO plugin v26.8 - https:\/\/yoast.com\/product\/yoast-seo-wordpress\/ -->\n<title>FAQ - Wohnen in Bayern<\/title>\n<meta name=\"robots\" content=\"index, follow, max-snippet:-1, max-image-preview:large, max-video-preview:-1\" \/>\n<link rel=\"canonical\" href=\"https:\/\/wohnen-in-bayern.com\/en\/faq\/\" \/>\n<meta property=\"og:locale\" content=\"en_GB\" \/>\n<meta property=\"og:type\" content=\"article\" \/>\n<meta property=\"og:title\" content=\"FAQ - Wohnen in Bayern\" \/>\n<meta property=\"og:description\" content=\"FAQ Wann wird meine Kaution ausbezahlt? Die Kaution wird normalerweise innerhalb von 6 Monaten nach Beendigung des Mietverh\u00e4ltnisses ausgezahlt. Wir werden jedoch versuchen, diese ca. 2,5 Monate nach Ihrem offiziellem Auszugstermin an Sie zur\u00fcckzuzahlen. Wann und wo bekomme ich die Schl\u00fcssel f\u00fcr mein Apartment? Die Kaution wird normalerweise innerhalb von 6 Monaten nach Beendigung des [&hellip;]\" \/>\n<meta property=\"og:url\" content=\"https:\/\/wohnen-in-bayern.com\/en\/faq\/\" \/>\n<meta property=\"og:site_name\" content=\"Wohnen in Bayern\" \/>\n<meta property=\"article:modified_time\" content=\"2026-01-21T08:02:59+00:00\" \/>\n<meta property=\"og:image\" content=\"https:\/\/wohnen-in-bayern.com\/wp-content\/uploads\/2025\/11\/Logo_wohnen-in-bayern_rgb.png\" \/>\n\t<meta property=\"og:image:width\" content=\"1347\" \/>\n\t<meta property=\"og:image:height\" content=\"238\" \/>\n\t<meta property=\"og:image:type\" content=\"image\/png\" \/>\n<meta name=\"twitter:card\" content=\"summary_large_image\" \/>\n<meta name=\"twitter:label1\" content=\"Est. reading time\" \/>\n\t<meta name=\"twitter:data1\" content=\"1 minute\" \/>\n<script type=\"application\/ld+json\" class=\"yoast-schema-graph\">{\"@context\":\"https:\/\/schema.org\",\"@graph\":[{\"@type\":\"WebPage\",\"@id\":\"https:\/\/wohnen-in-bayern.com\/faq\/\",\"url\":\"https:\/\/wohnen-in-bayern.com\/faq\/\",\"name\":\"FAQ - Wohnen in Bayern\",\"isPartOf\":{\"@id\":\"https:\/\/wohnen-in-bayern.com\/#website\"},\"datePublished\":\"2025-11-21T09:42:28+00:00\",\"dateModified\":\"2026-01-21T08:02:59+00:00\",\"breadcrumb\":{\"@id\":\"https:\/\/wohnen-in-bayern.com\/faq\/#breadcrumb\"},\"inLanguage\":\"en-GB\",\"potentialAction\":[{\"@type\":\"ReadAction\",\"target\":[\"https:\/\/wohnen-in-bayern.com\/faq\/\"]}]},{\"@type\":\"BreadcrumbList\",\"@id\":\"https:\/\/wohnen-in-bayern.com\/faq\/#breadcrumb\",\"itemListElement\":[{\"@type\":\"ListItem\",\"position\":1,\"name\":\"Home\",\"item\":\"https:\/\/wohnen-in-bayern.com\/\"},{\"@type\":\"ListItem\",\"position\":2,\"name\":\"FAQ\"}]},{\"@type\":\"WebSite\",\"@id\":\"https:\/\/wohnen-in-bayern.com\/#website\",\"url\":\"https:\/\/wohnen-in-bayern.com\/\",\"name\":\"Wohnen in Bayern\",\"description\":\"Das Mietportal f\u00fcr Studenten &amp; Azubis\",\"publisher\":{\"@id\":\"https:\/\/wohnen-in-bayern.com\/#organization\"},\"potentialAction\":[{\"@type\":\"SearchAction\",\"target\":{\"@type\":\"EntryPoint\",\"urlTemplate\":\"https:\/\/wohnen-in-bayern.com\/?s={search_term_string}\"},\"query-input\":{\"@type\":\"PropertyValueSpecification\",\"valueRequired\":true,\"valueName\":\"search_term_string\"}}],\"inLanguage\":\"en-GB\"},{\"@type\":\"Organization\",\"@id\":\"https:\/\/wohnen-in-bayern.com\/#organization\",\"name\":\"Wohnen in Bayern\",\"url\":\"https:\/\/wohnen-in-bayern.com\/\",\"logo\":{\"@type\":\"ImageObject\",\"inLanguage\":\"en-GB\",\"@id\":\"https:\/\/wohnen-in-bayern.com\/#\/schema\/logo\/image\/\",\"url\":\"https:\/\/wohnen-in-bayern.com\/wp-content\/uploads\/2025\/11\/Logo_wohnen-in-bayern_rgb.png\",\"contentUrl\":\"https:\/\/wohnen-in-bayern.com\/wp-content\/uploads\/2025\/11\/Logo_wohnen-in-bayern_rgb.png\",\"width\":1347,\"height\":238,\"caption\":\"Wohnen in Bayern\"},\"image\":{\"@id\":\"https:\/\/wohnen-in-bayern.com\/#\/schema\/logo\/image\/\"}}]}<\/script>\n<!-- \/ Yoast SEO plugin. -->","yoast_head_json":{"title":"FAQ - Wohnen in Bayern","robots":{"index":"index","follow":"follow","max-snippet":"max-snippet:-1","max-image-preview":"max-image-preview:large","max-video-preview":"max-video-preview:-1"},"canonical":"https:\/\/wohnen-in-bayern.com\/en\/faq\/","og_locale":"en_GB","og_type":"article","og_title":"FAQ - Wohnen in Bayern","og_description":"FAQ Wann wird meine Kaution ausbezahlt? Die Kaution wird normalerweise innerhalb von 6 Monaten nach Beendigung des Mietverh\u00e4ltnisses ausgezahlt. Wir werden jedoch versuchen, diese ca. 2,5 Monate nach Ihrem offiziellem Auszugstermin an Sie zur\u00fcckzuzahlen. Wann und wo bekomme ich die Schl\u00fcssel f\u00fcr mein Apartment? Die Kaution wird normalerweise innerhalb von 6 Monaten nach Beendigung des [&hellip;]","og_url":"https:\/\/wohnen-in-bayern.com\/en\/faq\/","og_site_name":"Wohnen in Bayern","article_modified_time":"2026-01-21T08:02:59+00:00","og_image":[{"width":1347,"height":238,"url":"https:\/\/wohnen-in-bayern.com\/wp-content\/uploads\/2025\/11\/Logo_wohnen-in-bayern_rgb.png","type":"image\/png"}],"twitter_card":"summary_large_image","twitter_misc":{"Est. reading time":"1 minute"},"schema":{"@context":"https:\/\/schema.org","@graph":[{"@type":"WebPage","@id":"https:\/\/wohnen-in-bayern.com\/faq\/","url":"https:\/\/wohnen-in-bayern.com\/faq\/","name":"FAQ - Wohnen in Bayern","isPartOf":{"@id":"https:\/\/wohnen-in-bayern.com\/#website"},"datePublished":"2025-11-21T09:42:28+00:00","dateModified":"2026-01-21T08:02:59+00:00","breadcrumb":{"@id":"https:\/\/wohnen-in-bayern.com\/faq\/#breadcrumb"},"inLanguage":"en-GB","potentialAction":[{"@type":"ReadAction","target":["https:\/\/wohnen-in-bayern.com\/faq\/"]}]},{"@type":"BreadcrumbList","@id":"https:\/\/wohnen-in-bayern.com\/faq\/#breadcrumb","itemListElement":[{"@type":"ListItem","position":1,"name":"Home","item":"https:\/\/wohnen-in-bayern.com\/"},{"@type":"ListItem","position":2,"name":"FAQ"}]},{"@type":"WebSite","@id":"https:\/\/wohnen-in-bayern.com\/#website","url":"https:\/\/wohnen-in-bayern.com\/","name":"Wohnen in Bayern","description":"Das Mietportal f\u00fcr Studenten &amp; Azubis","publisher":{"@id":"https:\/\/wohnen-in-bayern.com\/#organization"},"potentialAction":[{"@type":"SearchAction","target":{"@type":"EntryPoint","urlTemplate":"https:\/\/wohnen-in-bayern.com\/?s={search_term_string}"},"query-input":{"@type":"PropertyValueSpecification","valueRequired":true,"valueName":"search_term_string"}}],"inLanguage":"en-GB"},{"@type":"Organization","@id":"https:\/\/wohnen-in-bayern.com\/#organization","name":"Wohnen in Bayern","url":"https:\/\/wohnen-in-bayern.com\/","logo":{"@type":"ImageObject","inLanguage":"en-GB","@id":"https:\/\/wohnen-in-bayern.com\/#\/schema\/logo\/image\/","url":"https:\/\/wohnen-in-bayern.com\/wp-content\/uploads\/2025\/11\/Logo_wohnen-in-bayern_rgb.png","contentUrl":"https:\/\/wohnen-in-bayern.com\/wp-content\/uploads\/2025\/11\/Logo_wohnen-in-bayern_rgb.png","width":1347,"height":238,"caption":"Wohnen in Bayern"},"image":{"@id":"https:\/\/wohnen-in-bayern.com\/#\/schema\/logo\/image\/"}}]}},"_links":{"self":[{"href":"https:\/\/wohnen-in-bayern.com\/en\/wp-json\/wp\/v2\/pages\/369","targetHints":{"allow":["GET"]}}],"collection":[{"href":"https:\/\/wohnen-in-bayern.com\/en\/wp-json\/wp\/v2\/pages"}],"about":[{"href":"https:\/\/wohnen-in-bayern.com\/en\/wp-json\/wp\/v2\/types\/page"}],"author":[{"embeddable":true,"href":"https:\/\/wohnen-in-bayern.com\/en\/wp-json\/wp\/v2\/users\/1"}],"replies":[{"embeddable":true,"href":"https:\/\/wohnen-in-bayern.com\/en\/wp-json\/wp\/v2\/comments?post=369"}],"version-history":[{"count":34,"href":"https:\/\/wohnen-in-bayern.com\/en\/wp-json\/wp\/v2\/pages\/369\/revisions"}],"predecessor-version":[{"id":2116,"href":"https:\/\/wohnen-in-bayern.com\/en\/wp-json\/wp\/v2\/pages\/369\/revisions\/2116"}],"wp:attachment":[{"href":"https:\/\/wohnen-in-bayern.com\/en\/wp-json\/wp\/v2\/media?parent=369"}],"curies":[{"name":"wp","href":"https:\/\/api.w.org\/{rel}","templated":true}]}}